{"id":112,"date":"2021-03-11T10:46:33","date_gmt":"2021-03-11T09:46:33","guid":{"rendered":"https:\/\/www.geoqual.fr\/?page_id=112"},"modified":"2021-03-11T10:46:33","modified_gmt":"2021-03-11T09:46:33","slug":"ressources","status":"publish","type":"page","link":"https:\/\/www.geoqual.fr\/index.php\/ressources\/","title":{"rendered":"Ressources"},"content":{"rendered":"\n<p>Des informations plus g\u00e9n\u00e9riques sur la g\u00e9othermie peuvent se trouver sur des sites \u00e0 caract\u00e8re national, comme le site institutionnel ADEME\/BRGM \u00ab\u00a0<a rel=\"noreferrer noopener\" href=\"https:\/\/www.geothermies.fr\/\" data-type=\"URL\" data-id=\"https:\/\/www.geothermies.fr\/\" target=\"_blank\">G\u00e9othermies<\/a>\u00a0\u00bb ou celui de l&rsquo;association fran\u00e7aise des professionnels de la g\u00e9othermie (<a rel=\"noreferrer noopener\" href=\"http:\/\/www.afpg.asso.fr\/\" data-type=\"URL\" data-id=\"http:\/\/www.afpg.asso.fr\/\" target=\"_blank\">AFPG<\/a>).<\/p>\n\n\n\n<p>En r\u00e9gion Centre-Val de Loire, les acteurs institutionnels sont la <a rel=\"noreferrer noopener\" href=\"http:\/\/www.centre-val-de-loire.developpement-durable.gouv.fr\/\" data-type=\"URL\" data-id=\"http:\/\/www.centre-val-de-loire.developpement-durable.gouv.fr\/\" target=\"_blank\">DREAL<\/a>, l&rsquo;<a rel=\"noreferrer noopener\" href=\"https:\/\/centre.ademe.fr\/\" data-type=\"URL\" data-id=\"https:\/\/centre.ademe.fr\/\" target=\"_blank\">ADEME<\/a>, et le <a rel=\"noreferrer noopener\" href=\"https:\/\/www.centre-valdeloire.fr\/\" data-type=\"URL\" data-id=\"https:\/\/www.centre-valdeloire.fr\/\" target=\"_blank\">Conseil r\u00e9gional<\/a>. C&rsquo;est ce dernier qui \u00e9labore et pilote le sch\u00e9ma r\u00e9gional d&rsquo;am\u00e9nagement, de d\u00e9veloppement durable, et d&rsquo;\u00e9galit\u00e9 des territoires (<a rel=\"noreferrer noopener\" href=\"https:\/\/www.centre-valdeloire.fr\/comprendre\/territoire\/centre-val-de-loire-la-region-360deg\" data-type=\"URL\" data-id=\"https:\/\/www.centre-valdeloire.fr\/comprendre\/territoire\/centre-val-de-loire-la-region-360deg\" target=\"_blank\">SRADDET<\/a>), qui fixe notamment les orientations pour la g\u00e9othermie.<\/p>\n\n\n\n<p>L&rsquo;observatoire r\u00e9gional de l&rsquo;\u00e9nergie et des gaz \u00e0 effet de serre (<a rel=\"noreferrer noopener\" href=\"http:\/\/observatoire-energies-centre.org\/\" data-type=\"URL\" data-id=\"http:\/\/observatoire-energies-centre.org\/\" target=\"_blank\">OREGES<\/a>) tient des synth\u00e8ses sur les consommations d&rsquo;\u00e9nergie et la production. L&rsquo;association <a rel=\"noreferrer noopener\" href=\"https:\/\/www.envirobatcentre.com\/\" data-type=\"URL\" data-id=\"https:\/\/www.envirobatcentre.com\/\" target=\"_blank\">Envirobat-Centre<\/a> regroupe des acteurs professionnels du b\u00e2timent, notamment pour le rendre performant d\u00e8s la conception ou lors de r\u00e9novations : la g\u00e9othermie a sa place dans cette d\u00e9marche. La <a rel=\"noreferrer noopener\" href=\"http:\/\/www.crma-centre.fr\/\" data-type=\"URL\" data-id=\"http:\/\/www.crma-centre.fr\/\" target=\"_blank\">Chambre de M\u00e9tiers et de l&rsquo;Artisanat<\/a> en r\u00e9gion est \u00e9galement un partenaire qui regroupe des acteurs du monde du b\u00e2timent susceptibles d&rsquo;intervenir en g\u00e9othermie.<\/p>\n\n\n\n<p>Quant aux professionnels de demain, ils sont form\u00e9s notamment au <a href=\"https:\/\/www.univ-orleans.fr\/fr\/iut-orleans\/formation\/gte\" data-type=\"URL\" data-id=\"https:\/\/www.univ-orleans.fr\/fr\/iut-orleans\/formation\/gte\" target=\"_blank\" rel=\"noreferrer noopener\">d\u00e9partement GTE<\/a> de l&rsquo;IUT d&rsquo;Orl\u00e9ans.<\/p>\n\n\n\n<p>Enfin, la mission G\u00e9oqual travaille de concert avec la mission r\u00e9gionale bois-\u00e9nergie port\u00e9e par <a rel=\"noreferrer noopener\" href=\"https:\/\/www.fibois-cvl.fr\/\" data-type=\"URL\" data-id=\"https:\/\/www.fibois-cvl.fr\/\" target=\"_blank\">Fibois Centre-Val de Loire<\/a>, qui promeut \u00e9galement l&rsquo;utilisation d&rsquo;\u00e9nergies renouvelables pour la thermique du b\u00e2timent.<\/p>\n","protected":false},"excerpt":{"rendered":"<p>Des informations plus g\u00e9n\u00e9riques sur la g\u00e9othermie peuvent se trouver sur des sites \u00e0 caract\u00e8re national, comme le site institutionnel ADEME\/BRGM \u00ab\u00a0G\u00e9othermies\u00a0\u00bb ou celui de l&rsquo;association fran\u00e7aise des professionnels de la g\u00e9othermie (AFPG). En r\u00e9gion Centre-Val de Loire, les acteurs institutionnels sont la DREAL, l&rsquo;ADEME, et le Conseil r\u00e9gional. C&rsquo;est ce dernier qui \u00e9labore et [&hellip;]<\/p>\n","protected":false},"author":1,"featured_media":0,"parent":0,"menu_order":0,"comment_status":"closed","ping_status":"closed","template":"","meta":{"footnotes":""},"class_list":["post-112","page","type-page","status-publish","hentry"],"_links":{"self":[{"href":"https:\/\/www.geoqual.fr\/index.php\/wp-json\/wp\/v2\/pages\/112","targetHints":{"allow":["GET"]}}],"collection":[{"href":"https:\/\/www.geoqual.fr\/index.php\/wp-json\/wp\/v2\/pages"}],"about":[{"href":"https:\/\/www.geoqual.fr\/index.php\/wp-json\/wp\/v2\/types\/page"}],"author":[{"embeddable":true,"href":"https:\/\/www.geoqual.fr\/index.php\/wp-json\/wp\/v2\/users\/1"}],"replies":[{"embeddable":true,"href":"https:\/\/www.geoqual.fr\/index.php\/wp-json\/wp\/v2\/comments?post=112"}],"version-history":[{"count":1,"href":"https:\/\/www.geoqual.fr\/index.php\/wp-json\/wp\/v2\/pages\/112\/revisions"}],"predecessor-version":[{"id":114,"href":"https:\/\/www.geoqual.fr\/index.php\/wp-json\/wp\/v2\/pages\/112\/revisions\/114"}],"wp:attachment":[{"href":"https:\/\/www.geoqual.fr\/index.php\/wp-json\/wp\/v2\/media?parent=112"}],"curies":[{"name":"wp","href":"https:\/\/api.w.org\/{rel}","templated":true}]}}