{"id":118,"date":"2021-03-11T11:06:00","date_gmt":"2021-03-11T10:06:00","guid":{"rendered":"https:\/\/www.geoqual.fr\/?page_id=118"},"modified":"2021-03-11T11:15:42","modified_gmt":"2021-03-11T10:15:42","slug":"cahiers-des-charges","status":"publish","type":"page","link":"https:\/\/www.geoqual.fr\/index.php\/cahiers-des-charges\/","title":{"rendered":"Cahiers des charges"},"content":{"rendered":"\n<p>G\u00e9n\u00e9ralement, pour lancer un projet, il suffit de <strong>solliciter un bureau d&rsquo;\u00e9tudes thermiques<\/strong> sur la base du cahier des charges r\u00e9gional portant sur les <a rel=\"noreferrer noopener\" href=\"https:\/\/www.geoqual.fr\/wp-content\/uploads\/cdc-besoins-e\u0301nerge\u0301tiques-et-faisabilite\u0301-ge\u0301othermies.pdf\" data-type=\"URL\" data-id=\"https:\/\/www.geoqual.fr\/wp-content\/uploads\/cdc-besoins-e\u0301nerge\u0301tiques-et-faisabilite\u0301-ge\u0301othermies.pdf\" target=\"_blank\">\u00e9tudes thermiques<\/a> et la conception d&rsquo;une solution de g\u00e9othermie pour satisfaire ces besoins.<\/p>\n\n\n\n<p>Dans de rares cas, il pourra \u00eatre utile de d\u00e9buter par une \u00e9tude permettant d&rsquo;affiner la ressource : ce n&rsquo;est souvent pas la bonne fa\u00e7on de proc\u00e9der, en particulier en g\u00e9othermie sur nappe, car il faut savoir quantifier la ressource recherch\u00e9e pour concevoir l&rsquo;ouvrage qui devrait permettre d&rsquo;y acc\u00e9der. Toutefois, lorsqu&rsquo;un tel cas se pr\u00e9sente, il est possible d&#8217;employer des cahiers des charges pour r\u00e9aliser des <a rel=\"noreferrer noopener\" href=\"https:\/\/www.geoqual.fr\/wp-content\/uploads\/cdc-e\u0301tude-sol-pour-forage-dessai.pdf\" data-type=\"URL\" data-id=\"https:\/\/www.geoqual.fr\/wp-content\/uploads\/cdc-e\u0301tude-sol-pour-forage-dessai.pdf\" target=\"_blank\">forages d&rsquo;essai<\/a> ou un <a href=\"https:\/\/www.geoqual.fr\/wp-content\/uploads\/cdc-e\u0301tude-sol-pour-TRT.pdf\" data-type=\"URL\" data-id=\"https:\/\/www.geoqual.fr\/wp-content\/uploads\/cdc-e\u0301tude-sol-pour-TRT.pdf\" target=\"_blank\" rel=\"noreferrer noopener\">test de r\u00e9ponse thermique<\/a>.<\/p>\n","protected":false},"excerpt":{"rendered":"<p>G\u00e9n\u00e9ralement, pour lancer un projet, il suffit de solliciter un bureau d&rsquo;\u00e9tudes thermiques sur la base du cahier des charges r\u00e9gional portant sur les \u00e9tudes thermiques et la conception d&rsquo;une solution de g\u00e9othermie pour satisfaire ces besoins. Dans de rares cas, il pourra \u00eatre utile de d\u00e9buter par une \u00e9tude permettant d&rsquo;affiner la ressource : [&hellip;]<\/p>\n","protected":false},"author":1,"featured_media":0,"parent":0,"menu_order":0,"comment_status":"closed","ping_status":"closed","template":"","meta":{"footnotes":""},"class_list":["post-118","page","type-page","status-publish","hentry"],"_links":{"self":[{"href":"https:\/\/www.geoqual.fr\/index.php\/wp-json\/wp\/v2\/pages\/118","targetHints":{"allow":["GET"]}}],"collection":[{"href":"https:\/\/www.geoqual.fr\/index.php\/wp-json\/wp\/v2\/pages"}],"about":[{"href":"https:\/\/www.geoqual.fr\/index.php\/wp-json\/wp\/v2\/types\/page"}],"author":[{"embeddable":true,"href":"https:\/\/www.geoqual.fr\/index.php\/wp-json\/wp\/v2\/users\/1"}],"replies":[{"embeddable":true,"href":"https:\/\/www.geoqual.fr\/index.php\/wp-json\/wp\/v2\/comments?post=118"}],"version-history":[{"count":4,"href":"https:\/\/www.geoqual.fr\/index.php\/wp-json\/wp\/v2\/pages\/118\/revisions"}],"predecessor-version":[{"id":126,"href":"https:\/\/www.geoqual.fr\/index.php\/wp-json\/wp\/v2\/pages\/118\/revisions\/126"}],"wp:attachment":[{"href":"https:\/\/www.geoqual.fr\/index.php\/wp-json\/wp\/v2\/media?parent=118"}],"curies":[{"name":"wp","href":"https:\/\/api.w.org\/{rel}","templated":true}]}}