{"id":128,"date":"2021-03-11T11:33:13","date_gmt":"2021-03-11T10:33:13","guid":{"rendered":"https:\/\/www.geoqual.fr\/?page_id=128"},"modified":"2021-03-11T11:47:09","modified_gmt":"2021-03-11T10:47:09","slug":"logique-economique","status":"publish","type":"page","link":"https:\/\/www.geoqual.fr\/index.php\/logique-economique\/","title":{"rendered":"Logique \u00e9conomique"},"content":{"rendered":"\n<p>Une installation de g\u00e9othermie a souvent un investissement plus \u00e9lev\u00e9 qu&rsquo;une autre solution de chauffage, voire de chauffage et de froid. C&rsquo;est l&rsquo;une des raisons qui freine le d\u00e9veloppement de cette \u00e9nergie.<\/p>\n\n\n\n<p>Pourtant, on peut montrer qu&rsquo;<strong>il s&rsquo;agit souvent d&rsquo;un biais de perception<\/strong>, illustr\u00e9 par le graphique suivant :<\/p>\n\n\n\n<ul class=\"wp-block-list\"><li>En rouge, le co\u00fbt \u00e0 payer en restant \u00e0 une \u00e9nergie fossile plus classique.<\/li><li>En bleu, l&rsquo;annuit\u00e9 de remboursement de cr\u00e9dit.<\/li><li>En orange, le co\u00fbt de fonctionnement de l&rsquo;installation de g\u00e9othermie.<\/li><\/ul>\n\n\n\n<figure class=\"wp-block-image size-large\"><img loading=\"lazy\" decoding=\"async\" width=\"1024\" height=\"576\" src=\"https:\/\/www.geoqual.fr\/wp-content\/uploads\/investissement-1024x576.png\" alt=\"\" class=\"wp-image-127\" srcset=\"https:\/\/www.geoqual.fr\/wp-content\/uploads\/investissement-1024x576.png 1024w, https:\/\/www.geoqual.fr\/wp-content\/uploads\/investissement-300x169.png 300w, https:\/\/www.geoqual.fr\/wp-content\/uploads\/investissement-768x432.png 768w, https:\/\/www.geoqual.fr\/wp-content\/uploads\/investissement-1536x864.png 1536w, https:\/\/www.geoqual.fr\/wp-content\/uploads\/investissement.png 1920w\" sizes=\"auto, (max-width: 1024px) 100vw, 1024px\" \/><figcaption>Bilan \u00e9conomique de la g\u00e9othermie (en l&rsquo;absence de subventions)<\/figcaption><\/figure>\n\n\n\n<p>Une ing\u00e9nierie financi\u00e8re correctement pens\u00e9e permet de limiter le montant de l&rsquo;annuit\u00e9 : ainsi <strong>des \u00e9conomies sont r\u00e9alis\u00e9es d\u00e8s la premi\u00e8re ann\u00e9e<\/strong>, mat\u00e9rialis\u00e9es en vert sur le graphique.<\/p>\n\n\n\n<p>Les dur\u00e9es de cr\u00e9dit restent acceptables : en effet, si la dur\u00e9e de vie d&rsquo;une chaudi\u00e8re comme d&rsquo;une pompe \u00e0 chaleur g\u00e9othermique est d&rsquo;environ 20 ans, le principal investissement correspond aux co\u00fbts des \u00e9changeurs enterr\u00e9s. <strong>Les \u00e9changeurs g\u00e9othermiques ayant une dur\u00e9e de vie similaire \u00e0 celle des b\u00e2timents<\/strong> qu&rsquo;ils alimentent, il ne sera pas utile de les remplacer au bout de 20 ans.<\/p>\n\n\n\n<p>Le r\u00f4le des subventions est de limiter le montant total des annuit\u00e9s, afin de d\u00e9gager davantage d&rsquo;\u00e9conomies annuelles et\/ou de r\u00e9duire la dur\u00e9e du cr\u00e9dit.<\/p>\n","protected":false},"excerpt":{"rendered":"<p>Une installation de g\u00e9othermie a souvent un investissement plus \u00e9lev\u00e9 qu&rsquo;une autre solution de chauffage, voire de chauffage et de froid. C&rsquo;est l&rsquo;une des raisons qui freine le d\u00e9veloppement de cette \u00e9nergie. Pourtant, on peut montrer qu&rsquo;il s&rsquo;agit souvent d&rsquo;un biais de perception, illustr\u00e9 par le graphique suivant : En rouge, le co\u00fbt \u00e0 payer [&hellip;]<\/p>\n","protected":false},"author":1,"featured_media":0,"parent":0,"menu_order":0,"comment_status":"closed","ping_status":"closed","template":"","meta":{"footnotes":""},"class_list":["post-128","page","type-page","status-publish","hentry"],"_links":{"self":[{"href":"https:\/\/www.geoqual.fr\/index.php\/wp-json\/wp\/v2\/pages\/128","targetHints":{"allow":["GET"]}}],"collection":[{"href":"https:\/\/www.geoqual.fr\/index.php\/wp-json\/wp\/v2\/pages"}],"about":[{"href":"https:\/\/www.geoqual.fr\/index.php\/wp-json\/wp\/v2\/types\/page"}],"author":[{"embeddable":true,"href":"https:\/\/www.geoqual.fr\/index.php\/wp-json\/wp\/v2\/users\/1"}],"replies":[{"embeddable":true,"href":"https:\/\/www.geoqual.fr\/index.php\/wp-json\/wp\/v2\/comments?post=128"}],"version-history":[{"count":3,"href":"https:\/\/www.geoqual.fr\/index.php\/wp-json\/wp\/v2\/pages\/128\/revisions"}],"predecessor-version":[{"id":136,"href":"https:\/\/www.geoqual.fr\/index.php\/wp-json\/wp\/v2\/pages\/128\/revisions\/136"}],"wp:attachment":[{"href":"https:\/\/www.geoqual.fr\/index.php\/wp-json\/wp\/v2\/media?parent=128"}],"curies":[{"name":"wp","href":"https:\/\/api.w.org\/{rel}","templated":true}]}}