{"id":149,"date":"2021-03-18T12:24:32","date_gmt":"2021-03-18T11:24:32","guid":{"rendered":"https:\/\/www.geoqual.fr\/?page_id=149"},"modified":"2021-03-18T12:24:32","modified_gmt":"2021-03-18T11:24:32","slug":"exemples-doperations","status":"publish","type":"page","link":"https:\/\/www.geoqual.fr\/index.php\/exemples-doperations\/","title":{"rendered":"Exemples d&rsquo;op\u00e9rations"},"content":{"rendered":"\n<p>Il existe de nombreuses installations sur le territoire r\u00e9gional : parmi elles quelques-unes ont fait l&rsquo;objet de communications permettant d&rsquo;en apprendre plus sur la d\u00e9marche du ma\u00eetre d&rsquo;ouvrage, les techniques mises en \u0153uvre, les co\u00fbts, les intervenants&#8230; Lorsque des communications standardis\u00e9es ont \u00e9t\u00e9 identifi\u00e9es, elles ont \u00e9t\u00e9 mises en avant de fa\u00e7on g\u00e9olocalis\u00e9e, \u00e0 l&rsquo;adresse <a href=\"https:\/\/carto.geoqual.fr\/\" data-type=\"URL\" data-id=\"https:\/\/carto.geoqual.fr\/\" target=\"_blank\" rel=\"noreferrer noopener\">carto.geoqual.fr<\/a>.<\/p>\n","protected":false},"excerpt":{"rendered":"<p>Il existe de nombreuses installations sur le territoire r\u00e9gional : parmi elles quelques-unes ont fait l&rsquo;objet de communications permettant d&rsquo;en apprendre plus sur la d\u00e9marche du ma\u00eetre d&rsquo;ouvrage, les techniques mises en \u0153uvre, les co\u00fbts, les intervenants&#8230; Lorsque des communications standardis\u00e9es ont \u00e9t\u00e9 identifi\u00e9es, elles ont \u00e9t\u00e9 mises en avant de fa\u00e7on g\u00e9olocalis\u00e9e, \u00e0 l&rsquo;adresse [&hellip;]<\/p>\n","protected":false},"author":1,"featured_media":0,"parent":0,"menu_order":0,"comment_status":"closed","ping_status":"closed","template":"","meta":{"footnotes":""},"class_list":["post-149","page","type-page","status-publish","hentry"],"_links":{"self":[{"href":"https:\/\/www.geoqual.fr\/index.php\/wp-json\/wp\/v2\/pages\/149","targetHints":{"allow":["GET"]}}],"collection":[{"href":"https:\/\/www.geoqual.fr\/index.php\/wp-json\/wp\/v2\/pages"}],"about":[{"href":"https:\/\/www.geoqual.fr\/index.php\/wp-json\/wp\/v2\/types\/page"}],"author":[{"embeddable":true,"href":"https:\/\/www.geoqual.fr\/index.php\/wp-json\/wp\/v2\/users\/1"}],"replies":[{"embeddable":true,"href":"https:\/\/www.geoqual.fr\/index.php\/wp-json\/wp\/v2\/comments?post=149"}],"version-history":[{"count":1,"href":"https:\/\/www.geoqual.fr\/index.php\/wp-json\/wp\/v2\/pages\/149\/revisions"}],"predecessor-version":[{"id":151,"href":"https:\/\/www.geoqual.fr\/index.php\/wp-json\/wp\/v2\/pages\/149\/revisions\/151"}],"wp:attachment":[{"href":"https:\/\/www.geoqual.fr\/index.php\/wp-json\/wp\/v2\/media?parent=149"}],"curies":[{"name":"wp","href":"https:\/\/api.w.org\/{rel}","templated":true}]}}