{"id":166,"date":"2021-06-25T10:26:55","date_gmt":"2021-06-25T08:26:55","guid":{"rendered":"https:\/\/www.geoqual.fr\/?page_id=166"},"modified":"2021-06-25T10:26:56","modified_gmt":"2021-06-25T08:26:56","slug":"rafraichir","status":"publish","type":"page","link":"https:\/\/www.geoqual.fr\/index.php\/rafraichir\/","title":{"rendered":"Rafra\u00eechir"},"content":{"rendered":"\n<p>Les fortes chaleurs sont appel\u00e9es \u00e0 augmenter avec les ann\u00e9es&#8230; et justement la g\u00e9othermie peut r\u00e9pondre aux besoins de froid, qu&rsquo;il s&rsquo;agisse de process ou de confort. Intuitivement, on se doute bien qu&rsquo;il est plus facile de produire du froid avec un sol autour de 14\u00b0C qu&rsquo;avec l&rsquo;air ext\u00e9rieur &#8211; comme on le fait classiquement avec nos climatiseurs -, dans la mesure o\u00f9 celui-ci d\u00e9passe 25\u00b0C voire 30\u00b0C lorsqu&rsquo;on a besoin de rafra\u00eechir. Concr\u00e8tement, <strong>c&rsquo;est ce qui permet d&rsquo;utiliser beaucoup moins d&rsquo;\u00e9lectricit\u00e9 avec une g\u00e9othermie<\/strong> qu&rsquo;avec une climatisation classique.<\/p>\n\n\n\n<p>En g\u00e9othermie, on distingue deux types de froid :<\/p>\n\n\n\n<ul class=\"wp-block-list\"><li>Le froid dit \u00ab\u00a0actif\u00a0\u00bb, c&rsquo;est-\u00e0-dire produit par la pompe \u00e0 chaleur \u00e0 l&rsquo;\u00e9vaporateur. Son avantage est de pouvoir \u00eatre produit \u00e0 la temp\u00e9rature n\u00e9cessaire \u00e0 l&rsquo;application, ce qui permet de satisfaire au besoin de fortes puissances.<\/li><li>Le froid dit \u00ab\u00a0passif\u00a0\u00bb, ou <em>g\u00e9ocooling<\/em>, qui correspond \u00e0 la ti\u00e9deur naturelle du sol. La pompe \u00e0 chaleur restant \u00e9teinte, et ne consommant donc pas d&rsquo;\u00e9lectricit\u00e9, on dispose d&rsquo;une ressource \u00e0 la temp\u00e9rature du sous-sol (environ 14\u00b0C). Selon l&rsquo;application souhait\u00e9e et la surface \u00ab\u00a0d&rsquo;\u00e9metteurs\u00a0\u00bb en place, ce froid passif peut tout \u00e0 fait suffire. Il a \u00e9t\u00e9 constat\u00e9 \u00e0 Lyon qu&rsquo;un b\u00e2timent rafra\u00eechi par g\u00e9ocooling avait pu \u00ab\u00a0perdre\u00a0\u00bb 10\u00b0C au plus fort d&rsquo;une canicule. Attention tout de m\u00eame \u00e0 ne pas avoir trop froid&#8230;<\/li><\/ul>\n\n\n\n<p>En outre, <strong>le froid par g\u00e9othermie permet d&rsquo;\u00e9viter d&rsquo;aggraver l&rsquo;effet \u00ab\u00a0\u00eelots de chaleur urbains\u00a0\u00bb<\/strong>, comme l&rsquo;explique synth\u00e9tiquement ce <a href=\"https:\/\/www.geoqual.fr\/wp-content\/uploads\/Le-confort-de\u0301te\u0301.pdf\" target=\"_blank\" rel=\"noreferrer noopener\">document<\/a> en deux pages.<\/p>\n","protected":false},"excerpt":{"rendered":"<p>Les fortes chaleurs sont appel\u00e9es \u00e0 augmenter avec les ann\u00e9es&#8230; et justement la g\u00e9othermie peut r\u00e9pondre aux besoins de froid, qu&rsquo;il s&rsquo;agisse de process ou de confort. Intuitivement, on se doute bien qu&rsquo;il est plus facile de produire du froid avec un sol autour de 14\u00b0C qu&rsquo;avec l&rsquo;air ext\u00e9rieur &#8211; comme on le fait classiquement [&hellip;]<\/p>\n","protected":false},"author":1,"featured_media":0,"parent":0,"menu_order":0,"comment_status":"closed","ping_status":"closed","template":"","meta":{"footnotes":""},"class_list":["post-166","page","type-page","status-publish","hentry"],"_links":{"self":[{"href":"https:\/\/www.geoqual.fr\/index.php\/wp-json\/wp\/v2\/pages\/166","targetHints":{"allow":["GET"]}}],"collection":[{"href":"https:\/\/www.geoqual.fr\/index.php\/wp-json\/wp\/v2\/pages"}],"about":[{"href":"https:\/\/www.geoqual.fr\/index.php\/wp-json\/wp\/v2\/types\/page"}],"author":[{"embeddable":true,"href":"https:\/\/www.geoqual.fr\/index.php\/wp-json\/wp\/v2\/users\/1"}],"replies":[{"embeddable":true,"href":"https:\/\/www.geoqual.fr\/index.php\/wp-json\/wp\/v2\/comments?post=166"}],"version-history":[{"count":1,"href":"https:\/\/www.geoqual.fr\/index.php\/wp-json\/wp\/v2\/pages\/166\/revisions"}],"predecessor-version":[{"id":168,"href":"https:\/\/www.geoqual.fr\/index.php\/wp-json\/wp\/v2\/pages\/166\/revisions\/168"}],"wp:attachment":[{"href":"https:\/\/www.geoqual.fr\/index.php\/wp-json\/wp\/v2\/media?parent=166"}],"curies":[{"name":"wp","href":"https:\/\/api.w.org\/{rel}","templated":true}]}}