{"id":37,"date":"2021-03-10T15:58:21","date_gmt":"2021-03-10T14:58:21","guid":{"rendered":"https:\/\/geoqual.fr\/index.php\/colibri-wp\/"},"modified":"2021-03-10T16:53:39","modified_gmt":"2021-03-10T15:53:39","slug":"colibri-wp","status":"publish","type":"page","link":"https:\/\/www.geoqual.fr\/","title":{"rendered":"Accueil"},"content":{"rendered":"<p><em>Bienvenue sur ce site !<\/em><\/p>\n<p>Il a pour vocation de pr\u00e9senter les syst\u00e8mes de g\u00e9othermie, et la fa\u00e7on de les d\u00e9cliner concr\u00e8tement en r\u00e9gion Centre-Val de Loire. Suivez le bandeau pour naviguer vers la destination souhait\u00e9e !<\/p>\n\n\n<div class=\"wp-block-image\">\n<figure class=\"aligncenter\"><img decoding=\"async\" src=\"https:\/\/geoqual.fr\/wp-content\/uploads\/2021\/03\/recensement.png\" alt=\"Carte des op\u00e9rations de g\u00e9othermie recens\u00e9es r\u00e9gionalement\">\n<figcaption>La couleur correspond \u00e0 la technologie de g\u00e9othermie retenue.\nBleu : sur nappe ; jaune : sur sondes\/corbeilles ; violet : sur barrage.<\/figcaption><\/figure>\n<\/div>\n\n\n\n<p class=\"has-text-align-center\">Op\u00e9rations de g\u00e9othermie <em>recens\u00e9es<\/em> en r\u00e9gion (<a href=\"http:\/\/observatoire-energies-centre.org\/\">OREGES<\/a> 2017)<\/p>\n","protected":false},"excerpt":{"rendered":"<p>Bienvenue sur ce site ! Il a pour vocation de pr\u00e9senter les syst\u00e8mes de g\u00e9othermie, et la fa\u00e7on de les d\u00e9cliner concr\u00e8tement en r\u00e9gion Centre-Val de Loire. Suivez le bandeau pour naviguer vers la destination souhait\u00e9e ! La couleur correspond \u00e0 la technologie de g\u00e9othermie retenue. Bleu : sur nappe ; jaune : sur sondes\/corbeilles [&hellip;]<\/p>\n","protected":false},"author":1,"featured_media":0,"parent":0,"menu_order":0,"comment_status":"closed","ping_status":"closed","template":"","meta":{"footnotes":""},"class_list":["post-37","page","type-page","status-publish","hentry"],"_links":{"self":[{"href":"https:\/\/www.geoqual.fr\/index.php\/wp-json\/wp\/v2\/pages\/37","targetHints":{"allow":["GET"]}}],"collection":[{"href":"https:\/\/www.geoqual.fr\/index.php\/wp-json\/wp\/v2\/pages"}],"about":[{"href":"https:\/\/www.geoqual.fr\/index.php\/wp-json\/wp\/v2\/types\/page"}],"author":[{"embeddable":true,"href":"https:\/\/www.geoqual.fr\/index.php\/wp-json\/wp\/v2\/users\/1"}],"replies":[{"embeddable":true,"href":"https:\/\/www.geoqual.fr\/index.php\/wp-json\/wp\/v2\/comments?post=37"}],"version-history":[{"count":4,"href":"https:\/\/www.geoqual.fr\/index.php\/wp-json\/wp\/v2\/pages\/37\/revisions"}],"predecessor-version":[{"id":62,"href":"https:\/\/www.geoqual.fr\/index.php\/wp-json\/wp\/v2\/pages\/37\/revisions\/62"}],"wp:attachment":[{"href":"https:\/\/www.geoqual.fr\/index.php\/wp-json\/wp\/v2\/media?parent=37"}],"curies":[{"name":"wp","href":"https:\/\/api.w.org\/{rel}","templated":true}]}}