{"id":66,"date":"2021-03-10T17:01:08","date_gmt":"2021-03-10T16:01:08","guid":{"rendered":"https:\/\/geoqual.fr\/?page_id=66"},"modified":"2024-07-17T15:52:43","modified_gmt":"2024-07-17T13:52:43","slug":"lexique","status":"publish","type":"page","link":"https:\/\/www.geoqual.fr\/index.php\/lexique\/","title":{"rendered":"Lexique"},"content":{"rendered":"\n<p><strong>G\u00e9othermie :<\/strong> exploitation de l&rsquo;\u00e9nergie emmagasin\u00e9e sous forme de chaleur sous la surface de la Terre.<\/p>\n\n\n\n<p><strong>G\u00e9ocooling :<\/strong> utilisation de la temp\u00e9rature naturelle de la ressource g\u00e9othermique, afin de rafra\u00eechir directement un b\u00e2timent (ou autre). <em>Le g\u00e9ocooling se fait sans consommation d&rsquo;\u00e9lectricit\u00e9 par la pompe \u00e0 chaleur.<\/em><\/p>\n\n\n\n<p><strong>Pompe \u00e0 chaleur :<\/strong> machine thermodynamique, aliment\u00e9e en \u00e9lectricit\u00e9 et produisant simultan\u00e9ment du chaud et du froid (respectivement au condenseur et \u00e0 l&rsquo;\u00e9vaporateur).<\/p>\n\n\n\n<p><strong>Thermo-frigo-pompe :<\/strong> montage d&rsquo;une pompe \u00e0 chaleur eau\/eau permettant de valoriser simultan\u00e9ment le chaud et le froid produits par la pompe \u00e0 chaleur.<\/p>\n\n\n\n<p><strong>Fluide caloporteur :<\/strong> vecteur servant \u00e0 dissiper dans le sol le froid (ou le chaud) exc\u00e9dentaire produit par la pompe \u00e0 chaleur. <em>Pour les technologies \u00ab\u00a0\u00e0 boucle ferm\u00e9e\u00a0\u00bb comme les sondes g\u00e9othermiques, on utilise classiquement de l&rsquo;eau glycol\u00e9e, \u00e0 savoir un m\u00e9lange d&rsquo;eau claire avec du mono-propyl\u00e8ne-glycol. L&rsquo;eau glycol\u00e9e circule alors en boucle ferm\u00e9e dans le sous-sol (elle revient ti\u00e9die \u00e0 la pompe \u00e0 chaleur).<\/em><\/p>\n\n\n\n<p><strong>Echangeur barrage :<\/strong> \u00e9changeur de chaleur susceptible de se trouver entre la pompe \u00e0 chaleur et la ressource g\u00e9othermique. <em>On se sert g\u00e9n\u00e9ralement d&rsquo;un \u00e9changeur barrage en g\u00e9othermie sur nappe, pour \u00e9viter que l&rsquo;eau souterraine ne circule dans la pompe \u00e0 chaleur ; et parfois en g\u00e9othermie sur sondes, lorsqu&rsquo;on souhaite utiliser de l&rsquo;eau claire dans les \u00e9changeurs g\u00e9othermiques et de l&rsquo;eau glycol\u00e9e dans la pompe \u00e0 chaleur.<\/em><\/p>\n\n\n\n<p><strong>Sonde g\u00e9othermique :<\/strong> syst\u00e8me constitu\u00e9 de tubes enfouis dans un m\u00eame forage, par lequel descend le fluide caloporteur avant de remonter ti\u00e9di.<\/p>\n\n\n\n<p><strong>Doublet sur nappe :<\/strong> syst\u00e8me constitu\u00e9 de deux forages d&rsquo;eau. <em>Un premier forage permet de pr\u00e9lever l&rsquo;eau souterraine, qui sera rejet\u00e9e par le second forage dans la m\u00eame nappe pour \u00e9viter toute alt\u00e9ration de volume et de qualit\u00e9 de l&rsquo;eau souterraine (seule la temp\u00e9rature aura vari\u00e9 de quelques degr\u00e9s au contact de la pompe \u00e0 chaleur).<\/em><\/p>\n\n\n\n<p><strong>Emetteurs de chaleur :<\/strong> tout syst\u00e8me permettant de diffuser la chaleur dans un b\u00e2timent (ou autre). Les plus connus sont les radiateurs. Les \u00e9metteurs peuvent \u00eatre r\u00e9versibles, c&rsquo;est-\u00e0-dire \u00e0 m\u00eame de diffuser du froid. <em>Le dimensionnement des \u00e9metteurs est primordial pour am\u00e9liorer l&rsquo;efficacit\u00e9 des pompes \u00e0 chaleur, et<\/em> in fine <em>diminuer les factures \u00e9nerg\u00e9tiques. En particulier, c&rsquo;est ce dimensionnement qui rendra possible (ou non) la valorisation du froid par g\u00e9ocooling.<\/em><\/p>\n\n\n\n<p><strong>Encadrement communautaire :<\/strong> la r\u00e9glementation europ\u00e9enne impose des seuils \u00e0 ne pas d\u00e9passer pour l&rsquo;attribution de subventions publiques, d\u00e9pendant notamment du caract\u00e8re commercial ou non de l&rsquo;activit\u00e9 et du type de porteur de projet. Pour les projets d&rsquo;\u00e9nergie renouvelable, ces seuils sont en r\u00e8gle g\u00e9n\u00e9rale :<br> &#8211; 80% pour une collectivit\u00e9 ou une association ;<br> &#8211; 65% pour une TPE-PME (au sens europ\u00e9en, cf. grande entreprise) ;<br> &#8211; 0% pour une grande entreprise (au sens europ\u00e9en, soit plus de 250 salari\u00e9s ou plus de 50 M\u20ac de chiffre d&rsquo;affaire ou plus de 43 M\u20ac de bilan).<br>Ces valeurs, applicables dans la majorit\u00e9 des situations, restent \u00e0 rev\u00e9rifier au cas par cas.<\/p>\n","protected":false},"excerpt":{"rendered":"<p>G\u00e9othermie : exploitation de l&rsquo;\u00e9nergie emmagasin\u00e9e sous forme de chaleur sous la surface de la Terre. G\u00e9ocooling : utilisation de la temp\u00e9rature naturelle de la ressource g\u00e9othermique, afin de rafra\u00eechir directement un b\u00e2timent (ou autre). Le g\u00e9ocooling se fait sans consommation d&rsquo;\u00e9lectricit\u00e9 par la pompe \u00e0 chaleur. Pompe \u00e0 chaleur : machine thermodynamique, aliment\u00e9e en [&hellip;]<\/p>\n","protected":false},"author":1,"featured_media":0,"parent":0,"menu_order":0,"comment_status":"closed","ping_status":"closed","template":"","meta":{"footnotes":""},"class_list":["post-66","page","type-page","status-publish","hentry"],"_links":{"self":[{"href":"https:\/\/www.geoqual.fr\/index.php\/wp-json\/wp\/v2\/pages\/66","targetHints":{"allow":["GET"]}}],"collection":[{"href":"https:\/\/www.geoqual.fr\/index.php\/wp-json\/wp\/v2\/pages"}],"about":[{"href":"https:\/\/www.geoqual.fr\/index.php\/wp-json\/wp\/v2\/types\/page"}],"author":[{"embeddable":true,"href":"https:\/\/www.geoqual.fr\/index.php\/wp-json\/wp\/v2\/users\/1"}],"replies":[{"embeddable":true,"href":"https:\/\/www.geoqual.fr\/index.php\/wp-json\/wp\/v2\/comments?post=66"}],"version-history":[{"count":10,"href":"https:\/\/www.geoqual.fr\/index.php\/wp-json\/wp\/v2\/pages\/66\/revisions"}],"predecessor-version":[{"id":248,"href":"https:\/\/www.geoqual.fr\/index.php\/wp-json\/wp\/v2\/pages\/66\/revisions\/248"}],"wp:attachment":[{"href":"https:\/\/www.geoqual.fr\/index.php\/wp-json\/wp\/v2\/media?parent=66"}],"curies":[{"name":"wp","href":"https:\/\/api.w.org\/{rel}","templated":true}]}}