{"id":69,"date":"2021-03-10T17:03:29","date_gmt":"2021-03-10T16:03:29","guid":{"rendered":"https:\/\/geoqual.fr\/?page_id=69"},"modified":"2026-01-05T12:30:14","modified_gmt":"2026-01-05T11:30:14","slug":"contacts","status":"publish","type":"page","link":"https:\/\/www.geoqual.fr\/index.php\/contacts\/","title":{"rendered":"Contacts"},"content":{"rendered":"\n<p><strong>ADEME<\/strong> &#8211; direction r\u00e9gionale Centre-Val de Loire<br>\n5 route d\u2019Olivet &#8211; CS 50021<br>\n45074 Orl\u00e9ans cedex 2<br>\nT\u00e9l : 02 38 24 00 00<\/p>\n\n\n\n<p><strong>Conseil r\u00e9gional<\/strong> Centre-Val de Loire<br>\nDETE &#8211; STE<br>\n9 rue Saint Pierre Lentin<br>\n45000 Orl\u00e9ans<br>\nT\u00e9l : 02 38 70 30 30<\/p>\n\n\n\n<p><strong>Fibois Centre-Val de Loire<\/strong> &#8211; Mission multi-EnR du Loiret<br>\n2163 Avenue de la Pomme de Pin<br>\nCS 40001 Ardon 45075 ORLEANS CEDEX 2<br>\nT\u00e9l : 02 38 41 80 00 (demander le charg\u00e9 de mission multi-ENR Fibois)<br>\nMail : contact AT fibois-cvl.fr<\/p>\n","protected":false},"excerpt":{"rendered":"<p>ADEME &#8211; direction r\u00e9gionale Centre-Val de Loire 5 route d\u2019Olivet &#8211; CS 50021 45074 Orl\u00e9ans cedex 2 T\u00e9l : 02 38 24 00 00 Conseil r\u00e9gional Centre-Val de Loire DETE &#8211; STE 9 rue Saint Pierre Lentin 45000 Orl\u00e9ans T\u00e9l : 02 38 70 30 30 Fibois Centre-Val de Loire &#8211; Mission multi-EnR du Loiret [&hellip;]<\/p>\n","protected":false},"author":1,"featured_media":0,"parent":0,"menu_order":0,"comment_status":"closed","ping_status":"closed","template":"","meta":{"footnotes":""},"class_list":["post-69","page","type-page","status-publish","hentry"],"_links":{"self":[{"href":"https:\/\/www.geoqual.fr\/index.php\/wp-json\/wp\/v2\/pages\/69","targetHints":{"allow":["GET"]}}],"collection":[{"href":"https:\/\/www.geoqual.fr\/index.php\/wp-json\/wp\/v2\/pages"}],"about":[{"href":"https:\/\/www.geoqual.fr\/index.php\/wp-json\/wp\/v2\/types\/page"}],"author":[{"embeddable":true,"href":"https:\/\/www.geoqual.fr\/index.php\/wp-json\/wp\/v2\/users\/1"}],"replies":[{"embeddable":true,"href":"https:\/\/www.geoqual.fr\/index.php\/wp-json\/wp\/v2\/comments?post=69"}],"version-history":[{"count":6,"href":"https:\/\/www.geoqual.fr\/index.php\/wp-json\/wp\/v2\/pages\/69\/revisions"}],"predecessor-version":[{"id":290,"href":"https:\/\/www.geoqual.fr\/index.php\/wp-json\/wp\/v2\/pages\/69\/revisions\/290"}],"wp:attachment":[{"href":"https:\/\/www.geoqual.fr\/index.php\/wp-json\/wp\/v2\/media?parent=69"}],"curies":[{"name":"wp","href":"https:\/\/api.w.org\/{rel}","templated":true}]}}