{"id":73,"date":"2021-03-10T17:44:44","date_gmt":"2021-03-10T16:44:44","guid":{"rendered":"https:\/\/geoqual.fr\/?page_id=73"},"modified":"2024-12-04T09:32:14","modified_gmt":"2024-12-04T08:32:14","slug":"cot-enr","status":"publish","type":"page","link":"https:\/\/www.geoqual.fr\/index.php\/cot-enr\/","title":{"rendered":"COT ENR"},"content":{"rendered":"\n<p>Un contrat d&rsquo;objectifs territorial de d\u00e9veloppement des \u00e9nergies renouvelables thermiques (COT ENR) est <strong>un dispositif visant \u00e0 stimuler le d\u00e9veloppement des \u00e9nergies renouvelables thermiques \u00e0 un \u00e9chelon local<\/strong>. Il permet de co-financer des installations de g\u00e9othermie, bois-\u00e9nergie, et solaire thermique pour les porteurs de projet des <a href=\"http:\/\/carto.geoqual.fr\" data-type=\"URL\" data-id=\"carto.geoqual.fr\" target=\"_blank\" rel=\"noreferrer noopener\">territoires ayant contractualis\u00e9<\/a> : ceci avec un taux d&rsquo;aides de 45%, \u00e9manant de fonds g\u00e9r\u00e9s par le Conseil r\u00e9gional et l&rsquo;ADEME en r\u00e9gion Centre-Val de Loire, cumulable avec d&rsquo;autres aides.<\/p>\n\n\n\n<figure class=\"wp-block-image size-large\"><img loading=\"lazy\" decoding=\"async\" width=\"1024\" height=\"724\" src=\"https:\/\/www.geoqual.fr\/wp-content\/uploads\/CarteCOT_2024bis-1024x724.png\" alt=\"\" class=\"wp-image-252\" srcset=\"https:\/\/www.geoqual.fr\/wp-content\/uploads\/CarteCOT_2024bis-1024x724.png 1024w, https:\/\/www.geoqual.fr\/wp-content\/uploads\/CarteCOT_2024bis-300x212.png 300w, https:\/\/www.geoqual.fr\/wp-content\/uploads\/CarteCOT_2024bis-768x543.png 768w, https:\/\/www.geoqual.fr\/wp-content\/uploads\/CarteCOT_2024bis-1536x1086.png 1536w, https:\/\/www.geoqual.fr\/wp-content\/uploads\/CarteCOT_2024bis-2048x1448.png 2048w\" sizes=\"auto, (max-width: 1024px) 100vw, 1024px\" \/><\/figure>\n\n\n\n<p>A l&rsquo;exception de l&rsquo;Etat et des particuliers, les porteurs de projet sont presque tous \u00e9ligibles. Le d\u00e9roul\u00e9 se fait g\u00e9n\u00e9ralement en 3 \u00e9tapes :<\/p>\n\n\n\n<p> 1\/ <strong>Prise de contact avec le territoire porteur du COT<\/strong>. Ceci permet des \u00e9changes de premier niveau sur l&rsquo;opportunit\u00e9 de s&rsquo;engager dans le dispositif, et de b\u00e9n\u00e9ficier de conseils sur le type d&rsquo;\u00e9nergie renouvelable \u00e0 favoriser et le p\u00e9rim\u00e8tre \u00e0 consid\u00e9rer. De premiers ordres de grandeur \u00e9conomiques peuvent \u00eatre donn\u00e9s. C&rsquo;est aussi l&rsquo;occasion d&rsquo;\u00e9changer avec des sp\u00e9cialistes des \u00e9nergies renouvelables en r\u00e9gion, et de visiter des r\u00e9alisations similaires.<\/p>\n\n\n\n<p> 2\/ <strong>Intervention d&rsquo;un bureau d&rsquo;\u00e9tudes thermiques<\/strong>. Son r\u00f4le est de mieux pr\u00e9ciser les travaux de thermique n\u00e9cessaires, \u00e0 la fois sur l&rsquo;enveloppe du b\u00e2timent (isolation, ventilation) et sur la g\u00e9n\u00e9ration du chauffage &#8211; et du froid dans le cas de la g\u00e9othermie. Des estimations \u00e9conomiques plus pr\u00e9cises seront alors fournies, et le bureau d&rsquo;\u00e9tudes pourra \u00e9galement aider au montage des dossiers techniques, notamment pour la consultation des entreprises. <em>Une demande d&rsquo;aide peut \u00eatre d\u00e9pos\u00e9e au titre de l&rsquo;aide \u00e0 la d\u00e9cision, pr\u00e9alablement au passage de commande de l&rsquo;\u00e9tude ; et un <a href=\"https:\/\/www.geoqual.fr\/wp-content\/uploads\/cdc-besoins-e\u0301nerge\u0301tiques-et-faisabilite\u0301-ge\u0301othermies.pdf\" target=\"_blank\" rel=\"noreferrer noopener\">cahier des charges type<\/a> est disponible pour consulter les bureaux d&rsquo;\u00e9tudes, qui doivent n\u00e9cessairement \u00eatre qualifi\u00e9s au sens RGE-Etudes dans le domaine de l&rsquo;\u00e9nergie renouvelable envisag\u00e9e.<\/em><\/p>\n\n\n\n<p> 3\/ <strong>R\u00e9alisation des travaux<\/strong>. Une fois les entreprises consult\u00e9es et retenues, il ne reste qu&rsquo;\u00e0 concr\u00e9tiser les travaux&#8230; et \u00e0 suivre le fonctionnement r\u00e9el de l&rsquo;installation, au moins pendant la dur\u00e9e de la garantie de parfait ach\u00e8vement, afin de v\u00e9rifier qu&rsquo;elle donne pleine satisfaction. <em>Une demande d&rsquo;aide peut \u00eatre d\u00e9pos\u00e9e pour financer l&rsquo;investissement, pr\u00e9alablement \u00e0 la s\u00e9lection des entreprises intervenantes.<\/em><\/p>\n\n\n\n<figure class=\"wp-block-image size-large is-style-default\"><img loading=\"lazy\" decoding=\"async\" width=\"1024\" height=\"576\" src=\"https:\/\/geoqual.fr\/wp-content\/uploads\/2021\/03\/ParcoursMe\u0301thodologique-1024x576.png\" alt=\"D\u00e9roul\u00e9-type d'un projet de g\u00e9othermie\" class=\"wp-image-75\" srcset=\"https:\/\/www.geoqual.fr\/wp-content\/uploads\/2021\/03\/ParcoursMe\u0301thodologique-1024x576.png 1024w, https:\/\/www.geoqual.fr\/wp-content\/uploads\/2021\/03\/ParcoursMe\u0301thodologique-300x169.png 300w, https:\/\/www.geoqual.fr\/wp-content\/uploads\/2021\/03\/ParcoursMe\u0301thodologique-768x432.png 768w, https:\/\/www.geoqual.fr\/wp-content\/uploads\/2021\/03\/ParcoursMe\u0301thodologique-1536x864.png 1536w, https:\/\/www.geoqual.fr\/wp-content\/uploads\/2021\/03\/ParcoursMe\u0301thodologique-2048x1152.png 2048w\" sizes=\"auto, (max-width: 1024px) 100vw, 1024px\" \/><\/figure>\n","protected":false},"excerpt":{"rendered":"<p>Un contrat d&rsquo;objectifs territorial de d\u00e9veloppement des \u00e9nergies renouvelables thermiques (COT ENR) est un dispositif visant \u00e0 stimuler le d\u00e9veloppement des \u00e9nergies renouvelables thermiques \u00e0 un \u00e9chelon local. Il permet de co-financer des installations de g\u00e9othermie, bois-\u00e9nergie, et solaire thermique pour les porteurs de projet des territoires ayant contractualis\u00e9 : ceci avec un taux d&rsquo;aides [&hellip;]<\/p>\n","protected":false},"author":1,"featured_media":0,"parent":0,"menu_order":0,"comment_status":"closed","ping_status":"closed","template":"","meta":{"footnotes":""},"class_list":["post-73","page","type-page","status-publish","hentry"],"_links":{"self":[{"href":"https:\/\/www.geoqual.fr\/index.php\/wp-json\/wp\/v2\/pages\/73","targetHints":{"allow":["GET"]}}],"collection":[{"href":"https:\/\/www.geoqual.fr\/index.php\/wp-json\/wp\/v2\/pages"}],"about":[{"href":"https:\/\/www.geoqual.fr\/index.php\/wp-json\/wp\/v2\/types\/page"}],"author":[{"embeddable":true,"href":"https:\/\/www.geoqual.fr\/index.php\/wp-json\/wp\/v2\/users\/1"}],"replies":[{"embeddable":true,"href":"https:\/\/www.geoqual.fr\/index.php\/wp-json\/wp\/v2\/comments?post=73"}],"version-history":[{"count":9,"href":"https:\/\/www.geoqual.fr\/index.php\/wp-json\/wp\/v2\/pages\/73\/revisions"}],"predecessor-version":[{"id":253,"href":"https:\/\/www.geoqual.fr\/index.php\/wp-json\/wp\/v2\/pages\/73\/revisions\/253"}],"wp:attachment":[{"href":"https:\/\/www.geoqual.fr\/index.php\/wp-json\/wp\/v2\/media?parent=73"}],"curies":[{"name":"wp","href":"https:\/\/api.w.org\/{rel}","templated":true}]}}