{"id":79,"date":"2021-03-10T17:52:10","date_gmt":"2021-03-10T16:52:10","guid":{"rendered":"https:\/\/geoqual.fr\/?page_id=79"},"modified":"2026-01-26T08:58:16","modified_gmt":"2026-01-26T07:58:16","slug":"dispositifs-daide","status":"publish","type":"page","link":"https:\/\/www.geoqual.fr\/index.php\/dispositifs-daide\/","title":{"rendered":"Dispositifs d&rsquo;aide"},"content":{"rendered":"\n<p>Les aides r\u00e9gionales sont g\u00e9n\u00e9ralement cumulables, entre elles comme avec d&rsquo;autres aides (DETR, DSIL, &#8230;). Gr\u00e2ce \u00e0 ce cumul, <strong>il est presque toujours possible d&rsquo;atteindre le plafond d&rsquo;aides publiques<\/strong> pour l&rsquo;installation, tel que d\u00e9fini par les r\u00e8gles de l&rsquo;encadrement communautaire.<\/p>\n\n\n\n<p><strong>Les particuliers sont invit\u00e9s \u00e0 se rapprocher d&rsquo;un <a href=\"https:\/\/france-renov.gouv.fr\/preparer-projet\/trouver-conseiller\" data-type=\"link\" data-id=\"https:\/\/france-renov.gouv.fr\/preparer-projet\/trouver-conseiller\" target=\"_blank\" rel=\"noreferrer noopener\">conseiller France R\u00e9nov&rsquo;<\/a> de leur d\u00e9partement<\/strong> ; les aides list\u00e9es ne s&rsquo;adressent en effet qu&rsquo;aux structures \u00ab\u00a0ayant un num\u00e9ro de SIRET\u00a0\u00bb, du secteur public et souvent du secteur priv\u00e9.<\/p>\n","protected":false},"excerpt":{"rendered":"<p>Les aides r\u00e9gionales sont g\u00e9n\u00e9ralement cumulables, entre elles comme avec d&rsquo;autres aides (DETR, DSIL, &#8230;). Gr\u00e2ce \u00e0 ce cumul, il est presque toujours possible d&rsquo;atteindre le plafond d&rsquo;aides publiques pour l&rsquo;installation, tel que d\u00e9fini par les r\u00e8gles de l&rsquo;encadrement communautaire. Les particuliers sont invit\u00e9s \u00e0 se rapprocher d&rsquo;un conseiller France R\u00e9nov&rsquo; de leur d\u00e9partement ; [&hellip;]<\/p>\n","protected":false},"author":1,"featured_media":0,"parent":0,"menu_order":0,"comment_status":"closed","ping_status":"closed","template":"","meta":{"footnotes":""},"class_list":["post-79","page","type-page","status-publish","hentry"],"_links":{"self":[{"href":"https:\/\/www.geoqual.fr\/index.php\/wp-json\/wp\/v2\/pages\/79","targetHints":{"allow":["GET"]}}],"collection":[{"href":"https:\/\/www.geoqual.fr\/index.php\/wp-json\/wp\/v2\/pages"}],"about":[{"href":"https:\/\/www.geoqual.fr\/index.php\/wp-json\/wp\/v2\/types\/page"}],"author":[{"embeddable":true,"href":"https:\/\/www.geoqual.fr\/index.php\/wp-json\/wp\/v2\/users\/1"}],"replies":[{"embeddable":true,"href":"https:\/\/www.geoqual.fr\/index.php\/wp-json\/wp\/v2\/comments?post=79"}],"version-history":[{"count":4,"href":"https:\/\/www.geoqual.fr\/index.php\/wp-json\/wp\/v2\/pages\/79\/revisions"}],"predecessor-version":[{"id":292,"href":"https:\/\/www.geoqual.fr\/index.php\/wp-json\/wp\/v2\/pages\/79\/revisions\/292"}],"wp:attachment":[{"href":"https:\/\/www.geoqual.fr\/index.php\/wp-json\/wp\/v2\/media?parent=79"}],"curies":[{"name":"wp","href":"https:\/\/api.w.org\/{rel}","templated":true}]}}