{"id":82,"date":"2021-03-10T18:04:20","date_gmt":"2021-03-10T17:04:20","guid":{"rendered":"https:\/\/geoqual.fr\/?page_id=82"},"modified":"2021-03-11T10:27:26","modified_gmt":"2021-03-11T09:27:26","slug":"le-fonds-chaleur","status":"publish","type":"page","link":"https:\/\/www.geoqual.fr\/index.php\/le-fonds-chaleur\/","title":{"rendered":"Le Fonds Chaleur"},"content":{"rendered":"\n<p>G\u00e9r\u00e9 par l&rsquo;ADEME, le Fonds Chaleur permet d&rsquo;obtenir un accompagnement pour l&rsquo;ing\u00e9nierie ainsi que deux types d&rsquo;aides :<\/p>\n\n\n\n<p> 1\/ Au titre de l&rsquo;<strong>aide \u00e0 la d\u00e9cision<\/strong>. Les subventions sont g\u00e9n\u00e9ralement comprises entre 50% et 60% du co\u00fbt de l&rsquo;\u00e9tude (selon la typologie du porteur de projet). Un bureau d&rsquo;\u00e9tudes thermiques qualifi\u00e9* pour l&rsquo;\u00e9nergie renouvelable consid\u00e9r\u00e9e doit \u00eatre sollicit\u00e9 pour \u00e9tudier le b\u00e2timent et concevoir l&rsquo;installation thermique dans son ensemble (isolation, ventilation, syst\u00e8me de chauffage renouvelable, voire de froid renouvelable dans le cas de la g\u00e9othermie). Un <a href=\"https:\/\/www.geoqual.fr\/wp-content\/uploads\/cdc-besoins-e\u0301nerge\u0301tiques-et-faisabilite\u0301-ge\u0301othermies.pdf\" data-type=\"URL\" data-id=\"https:\/\/www.geoqual.fr\/wp-content\/uploads\/cdc-besoins-e\u0301nerge\u0301tiques-et-faisabilite\u0301-ge\u0301othermies.pdf\" target=\"_blank\" rel=\"noreferrer noopener\">cahier des charges type<\/a> est disponible pour consulter de tels bureaux d&rsquo;\u00e9tudes.<br>*<em>au sens RGE-Etude du terme<\/em><\/p>\n\n\n\n<p> 2\/ Au titre de l&rsquo;<strong>investissement<\/strong>. Sauf pour des projets de taille particuli\u00e8rement importante, les aides sont proportionnelles \u00e0 la quantit\u00e9 d&rsquo;\u00e9nergie renouvelable mobilis\u00e9e \u00e0 l&rsquo;ann\u00e9e, quantit\u00e9 d\u00e9finie lors de la phase d&rsquo;\u00e9tude. Sur les territoires COT ENR, le Conseil r\u00e9gional vient abonder ce montant pour atteindre 45% de l&rsquo;assiette \u00ab\u00a0\u00e9nergie thermique renouvelable\u00a0\u00bb.<\/p>\n\n\n\n<p>La demande d&rsquo;aide se fait via la plateforme \u00ab\u00a0<a rel=\"noreferrer noopener\" href=\"https:\/\/agirpourlatransition.ademe.fr\/\" target=\"_blank\">Agir pour la transition<\/a>\u00a0\u00bb de l&rsquo;ADEME. Un accus\u00e9 de r\u00e9ception est automatiquement transmis par mail lorsque le dossier \u00ab\u00a0r\u00e9put\u00e9 administrativement complet\u00a0\u00bb est d\u00e9pos\u00e9. <em>Les d\u00e9penses engag\u00e9es avant l&rsquo;\u00e9mission de cet accus\u00e9 de r\u00e9ception ne sont pas \u00e9ligibles<\/em>.<\/p>\n","protected":false},"excerpt":{"rendered":"<p>G\u00e9r\u00e9 par l&rsquo;ADEME, le Fonds Chaleur permet d&rsquo;obtenir un accompagnement pour l&rsquo;ing\u00e9nierie ainsi que deux types d&rsquo;aides : 1\/ Au titre de l&rsquo;aide \u00e0 la d\u00e9cision. Les subventions sont g\u00e9n\u00e9ralement comprises entre 50% et 60% du co\u00fbt de l&rsquo;\u00e9tude (selon la typologie du porteur de projet). Un bureau d&rsquo;\u00e9tudes thermiques qualifi\u00e9* pour l&rsquo;\u00e9nergie renouvelable consid\u00e9r\u00e9e [&hellip;]<\/p>\n","protected":false},"author":1,"featured_media":0,"parent":0,"menu_order":0,"comment_status":"closed","ping_status":"closed","template":"","meta":{"footnotes":""},"class_list":["post-82","page","type-page","status-publish","hentry"],"_links":{"self":[{"href":"https:\/\/www.geoqual.fr\/index.php\/wp-json\/wp\/v2\/pages\/82","targetHints":{"allow":["GET"]}}],"collection":[{"href":"https:\/\/www.geoqual.fr\/index.php\/wp-json\/wp\/v2\/pages"}],"about":[{"href":"https:\/\/www.geoqual.fr\/index.php\/wp-json\/wp\/v2\/types\/page"}],"author":[{"embeddable":true,"href":"https:\/\/www.geoqual.fr\/index.php\/wp-json\/wp\/v2\/users\/1"}],"replies":[{"embeddable":true,"href":"https:\/\/www.geoqual.fr\/index.php\/wp-json\/wp\/v2\/comments?post=82"}],"version-history":[{"count":2,"href":"https:\/\/www.geoqual.fr\/index.php\/wp-json\/wp\/v2\/pages\/82\/revisions"}],"predecessor-version":[{"id":111,"href":"https:\/\/www.geoqual.fr\/index.php\/wp-json\/wp\/v2\/pages\/82\/revisions\/111"}],"wp:attachment":[{"href":"https:\/\/www.geoqual.fr\/index.php\/wp-json\/wp\/v2\/media?parent=82"}],"curies":[{"name":"wp","href":"https:\/\/api.w.org\/{rel}","templated":true}]}}