{"id":85,"date":"2021-03-10T18:11:41","date_gmt":"2021-03-10T17:11:41","guid":{"rendered":"https:\/\/geoqual.fr\/?page_id=85"},"modified":"2021-03-10T18:34:34","modified_gmt":"2021-03-10T17:34:34","slug":"le-crst","status":"publish","type":"page","link":"https:\/\/www.geoqual.fr\/index.php\/le-crst\/","title":{"rendered":"Le CRST"},"content":{"rendered":"\n<p>Le <a rel=\"noreferrer noopener\" href=\"https:\/\/www.centre-valdeloire.fr\/agir\/valoriser-le-territoire\/les-contrats-regionaux-de-solidarite-territoriale\" data-type=\"URL\" data-id=\"https:\/\/www.centre-valdeloire.fr\/agir\/valoriser-le-territoire\/les-contrats-regionaux-de-solidarite-territoriale\" target=\"_blank\">contrat r\u00e9gional de solidarit\u00e9 territoriale<\/a> (CRST) est un m\u00e9canisme de financement des territoires en r\u00e9gion. La <a rel=\"noreferrer noopener\" href=\"https:\/\/www.centre-valdeloire.fr\/sites\/default\/files\/media\/document\/2020-06\/cadres_references_votes_dec_2017_0.pdf\" data-type=\"URL\" data-id=\"https:\/\/www.centre-valdeloire.fr\/sites\/default\/files\/media\/document\/2020-06\/cadres_references_votes_dec_2017_0.pdf\" target=\"_blank\">fiche 36-4<\/a> de ce contrat est relative aux g\u00e9othermies sur sondes et sur corbeilles : pour une <strong>collectivit\u00e9<\/strong>, une <strong>association<\/strong>, et quelques autres porteurs de projet, une aide correspondant \u00e0 <strong>50% de l&rsquo;assiette \u00ab\u00a0travaux de g\u00e9othermie, dont installation d&rsquo;<a href=\"https:\/\/geoqual.fr\/index.php\/lexique\/\" data-type=\"URL\" data-id=\"https:\/\/geoqual.fr\/index.php\/lexique\/\" target=\"_blank\" rel=\"noreferrer noopener\">\u00e9metteurs<\/a> basse temp\u00e9rature r\u00e9versibles\u00a0\u00bb<\/strong> peut \u00eatre d\u00e9bloqu\u00e9e.<\/p>\n\n\n\n<p><strong>Le dispositif est cumulable avec les aides du Fonds Chaleur<\/strong>, ou du COT ENR s&rsquo;il existe localement, dans la limite de 70% de cette assiette \u00ab\u00a0\u00e9tendue\u00a0\u00bb. Le <a href=\"https:\/\/geodata.regioncentre-valdeloire.fr\/apps\/crst\/\" data-type=\"URL\" data-id=\"https:\/\/geodata.regioncentre-valdeloire.fr\/apps\/crst\/\" target=\"_blank\" rel=\"noreferrer noopener\">point d&rsquo;entr\u00e9e<\/a> est g\u00e9n\u00e9ralement le PETR &#8211; ou le Pays &#8211; sur lequel l&rsquo;installation sera r\u00e9alis\u00e9e.<\/p>\n","protected":false},"excerpt":{"rendered":"<p>Le contrat r\u00e9gional de solidarit\u00e9 territoriale (CRST) est un m\u00e9canisme de financement des territoires en r\u00e9gion. La fiche 36-4 de ce contrat est relative aux g\u00e9othermies sur sondes et sur corbeilles : pour une collectivit\u00e9, une association, et quelques autres porteurs de projet, une aide correspondant \u00e0 50% de l&rsquo;assiette \u00ab\u00a0travaux de g\u00e9othermie, dont installation [&hellip;]<\/p>\n","protected":false},"author":1,"featured_media":0,"parent":0,"menu_order":0,"comment_status":"closed","ping_status":"closed","template":"","meta":{"footnotes":""},"class_list":["post-85","page","type-page","status-publish","hentry"],"_links":{"self":[{"href":"https:\/\/www.geoqual.fr\/index.php\/wp-json\/wp\/v2\/pages\/85","targetHints":{"allow":["GET"]}}],"collection":[{"href":"https:\/\/www.geoqual.fr\/index.php\/wp-json\/wp\/v2\/pages"}],"about":[{"href":"https:\/\/www.geoqual.fr\/index.php\/wp-json\/wp\/v2\/types\/page"}],"author":[{"embeddable":true,"href":"https:\/\/www.geoqual.fr\/index.php\/wp-json\/wp\/v2\/users\/1"}],"replies":[{"embeddable":true,"href":"https:\/\/www.geoqual.fr\/index.php\/wp-json\/wp\/v2\/comments?post=85"}],"version-history":[{"count":5,"href":"https:\/\/www.geoqual.fr\/index.php\/wp-json\/wp\/v2\/pages\/85\/revisions"}],"predecessor-version":[{"id":97,"href":"https:\/\/www.geoqual.fr\/index.php\/wp-json\/wp\/v2\/pages\/85\/revisions\/97"}],"wp:attachment":[{"href":"https:\/\/www.geoqual.fr\/index.php\/wp-json\/wp\/v2\/media?parent=85"}],"curies":[{"name":"wp","href":"https:\/\/api.w.org\/{rel}","templated":true}]}}